{"id":1451,"date":"2025-02-26T14:18:13","date_gmt":"2025-02-26T13:18:13","guid":{"rendered":"https:\/\/qualityinterpreters.com\/interpretacion-traduccion-simultanea\/"},"modified":"2025-09-05T12:17:46","modified_gmt":"2025-09-05T10:17:46","slug":"simultaneous-interpretation-translation","status":"publish","type":"page","link":"https:\/\/qualityinterpreters.com\/en\/simultaneous-interpretation-translation\/","title":{"rendered":"Interpretaci\u00f3n &#8211; Traducci\u00f3n simult\u00e1nea"},"content":{"rendered":"\t\t<div data-elementor-type=\"wp-page\" data-elementor-id=\"1451\" class=\"elementor elementor-1451 elementor-814\" data-elementor-post-type=\"page\">\n\t\t\t\t<div class=\"elementor-element elementor-element-1cda6bd e-flex e-con-boxed e-con e-parent\" data-id=\"1cda6bd\" data-element_type=\"container\" data-e-type=\"container\" data-settings=\"{&quot;background_background&quot;:&quot;classic&quot;}\">\n\t\t\t\t\t<div class=\"e-con-inner\">\n\t\t<div class=\"elementor-element elementor-element-a1e3331 e-con-full e-flex e-con e-child\" data-id=\"a1e3331\" data-element_type=\"container\" data-e-type=\"container\" data-settings=\"{&quot;background_background&quot;:&quot;classic&quot;}\">\n\t\t<div class=\"elementor-element elementor-element-a049743 e-con-full e-flex e-con e-child\" data-id=\"a049743\" data-element_type=\"container\" data-e-type=\"container\" data-settings=\"{&quot;sticky&quot;:&quot;top&quot;,&quot;sticky_on&quot;:[&quot;desktop&quot;],&quot;sticky_offset&quot;:24,&quot;sticky_parent&quot;:&quot;yes&quot;,&quot;sticky_effects_offset&quot;:0,&quot;sticky_anchor_link_offset&quot;:0}\">\n\t\t\t\t<div class=\"elementor-element elementor-element-fbb6cbf elementor-tablet-position-block-start elementor-view-default elementor-position-block-start elementor-mobile-position-block-start elementor-widget elementor-widget-icon-box\" data-id=\"fbb6cbf\" data-element_type=\"widget\" data-e-type=\"widget\" data-widget_type=\"icon-box.default\">\n\t\t\t\t\t\t\t<div class=\"elementor-icon-box-wrapper\">\n\n\t\t\t\t\t\t<div class=\"elementor-icon-box-icon\">\n\t\t\t\t<span  class=\"elementor-icon\">\n\t\t\t\t<svg xmlns=\"http:\/\/www.w3.org\/2000\/svg\" width=\"63\" height=\"63\" viewBox=\"0 0 63 63\" fill=\"none\"><path d=\"M7.13076 0.465698C4.58507 0.465698 2.51416 2.53661 2.51416 5.08277V14.4405C2.51416 16.9904 4.58882 19.0646 7.13872 19.0646H12.7273L14.4855 21.7119C14.8198 22.2157 15.3807 22.5163 15.9852 22.5163C16.5896 22.5163 17.1506 22.2157 17.4849 21.7119L19.243 19.0646H24.8391C27.3848 19.0646 29.4562 16.9937 29.4562 14.448V5.09026C29.4562 2.54036 27.3815 0.465698 24.8312 0.465698H7.13076ZM27.5384 5.09026V14.448C27.5384 15.936 26.3276 17.1468 24.8391 17.1468H19.1798C18.5753 17.1468 18.0144 17.4479 17.6801 17.9512L15.9852 20.5034L14.2902 17.9512C13.9559 17.4479 13.395 17.1468 12.7901 17.1468H7.13872C5.64605 17.1468 4.43197 15.9327 4.43197 14.4405V5.08277C4.43197 3.59431 5.64277 2.38351 7.13076 2.38351H24.8312C26.3238 2.38351 27.5384 3.59759 27.5384 5.09026Z\" fill=\"#425362\"><\/path><path d=\"M56.879 0.465698H39.1786C36.6329 0.465698 34.562 2.53661 34.562 5.08277V14.4405C34.562 16.9904 36.6367 19.0646 39.1866 19.0646H44.7747L46.5329 21.7119C46.8672 22.2157 47.4281 22.5163 48.0326 22.5163C48.0321 22.5163 48.033 22.5163 48.0326 22.5163C48.637 22.5163 49.1984 22.2152 49.5322 21.7119L51.2904 19.0646H56.887C59.4327 19.0646 61.5036 16.9937 61.5036 14.448V5.09026C61.5036 2.54036 59.4289 0.465698 56.879 0.465698ZM59.5858 14.448C59.5858 15.936 58.375 17.1468 56.887 17.1468H51.2277C50.6237 17.1468 50.0632 17.4474 49.7275 17.9512L48.0326 20.5034L46.3376 17.9512C46.0033 17.4479 45.4424 17.1468 44.8379 17.1468H39.1866C37.6939 17.1468 36.4798 15.9327 36.4798 14.4405V5.08277C36.4798 3.59431 37.6906 2.38351 39.1786 2.38351H56.879C58.3717 2.38351 59.5858 3.59759 59.5858 5.09026V14.448Z\" fill=\"#425362\"><\/path><path d=\"M20.8387 11.538C19.0202 10.6133 17.6141 8.74885 16.8875 7.6242H20.4248C20.8549 7.6242 21.2068 7.27586 21.2068 6.84228C21.2068 6.41152 20.8561 6.06036 20.4248 6.06036H16.3092V4.59625C16.3092 4.16649 15.961 3.81433 15.5273 3.81433C15.0961 3.81433 14.7454 4.16502 14.7454 4.59625V6.06036H10.6298C10.2005 6.06036 9.84833 6.40876 9.84833 6.84228C9.84833 7.2735 10.199 7.6242 10.6298 7.6242H14.1662C13.4414 8.74791 12.0382 10.6109 10.2163 11.5375C9.8591 11.7173 9.69757 12.1359 9.84084 12.5114C10.0034 12.9418 10.5095 13.1415 10.9238 12.9314C12.5808 12.0896 13.8923 10.662 14.7454 9.53217V14.7392C14.7454 15.1699 15.0961 15.5211 15.5273 15.5211C15.9585 15.5211 16.3092 15.1699 16.3092 14.7392V9.53217C17.1618 10.662 18.4733 12.0891 20.1313 12.9319C20.5621 13.1455 21.0531 12.9285 21.2138 12.5119C21.3575 12.1373 21.196 11.7183 20.8387 11.538Z\" fill=\"#425362\"><\/path><path d=\"M47.895 3.9563C46.7624 3.9563 45.9582 4.20402 45.1812 4.69608C44.7008 4.98486 44.7087 5.44133 44.9804 5.71398C45.2123 5.94594 45.5306 5.95396 45.7979 5.77578C46.3699 5.42355 47.1051 5.26683 47.7714 5.26683C49.2416 5.26683 49.9762 5.82729 49.9762 6.94772C49.9762 7.62462 49.4023 8.07268 48.8356 8.52046C47.8127 9.34427 47.1238 10.0693 47.1238 11.4037C47.1238 11.7539 47.431 12.0049 47.8023 12.0049C48.1578 12.0049 48.4807 11.7487 48.4807 11.4037C48.4807 10.5036 49.0434 10.0179 49.8067 9.41475C50.7099 8.70466 51.364 8.07202 51.364 6.87047C51.364 4.9536 49.8429 3.9563 47.895 3.9563Z\" fill=\"#425362\"><\/path><path d=\"M47.7713 13.1C47.2723 13.1 46.8616 13.5149 46.8616 14.0097C46.8616 14.5431 47.2901 14.9349 47.7713 14.9349C48.2865 14.9349 48.6965 14.5292 48.6965 14.0097C48.6965 13.5261 48.3018 13.1 47.7713 13.1Z\" fill=\"#425362\"><\/path><path d=\"M21.5977 46.8639C21.5011 46.8667 18.8928 46.9424 19.059 46.9376V46.4354C21.5003 45.3333 23.3382 43.1299 23.9373 40.4573C25.4426 39.9764 26.5378 38.5797 26.5378 36.9134C26.5378 35.7882 26.0291 34.7858 25.239 34.1003V29.6771C25.239 25.8363 20.3604 24.111 15.5338 24.111C10.6941 24.111 5.81554 25.8363 5.81554 29.6771V34.1083C4.90623 34.9043 4.51671 35.8923 4.51671 36.9134C4.51671 38.5797 5.61187 39.976 7.11718 40.4573C7.71579 43.1266 9.55096 45.3281 11.992 46.4312V46.9376C11.3559 46.9038 11.0654 46.8884 9.44514 46.8639C4.77844 46.8639 0.981689 50.6604 0.981689 55.3271C0.981689 55.5787 0.981689 59.9382 0.981689 59.8397V59.8451C0.981689 61.1086 2.00942 62.1366 3.27313 62.1366H3.27875H7.36861H23.6859H27.7758H27.7814C29.0451 62.1366 30.0728 61.1086 30.0728 59.8451C30.0728 59.6595 30.0728 55.2323 30.0728 55.3388C30.0728 50.6658 26.2709 46.8639 21.5977 46.8639ZM24.6448 58.024H28.155V59.8397C28.155 60.0488 27.985 60.2188 27.7758 60.2188H24.6448V58.024ZM8.82054 38.5685V32.801L11.2262 30.8341C13.6467 33.8138 17.042 34.0751 22.234 34.6037V38.5685C22.234 42.2693 19.228 45.2808 15.5212 45.2808C11.8265 45.2808 8.82054 42.2693 8.82054 38.5685ZM16.8919 47.0806V48.7402H17.6782L15.6068 51.0609L13.4304 48.7402H14.1495V47.0774C15.149 47.239 15.9068 47.2376 16.8919 47.0806ZM2.8995 55.3271C2.8995 51.7178 5.83567 48.7817 9.44514 48.7817H10.7009L14.7247 53.1014V60.2188H8.32751V55.726C8.32751 55.1965 7.89816 54.7671 7.36861 54.7671C6.83906 54.7671 6.4097 55.1965 6.4097 55.726V56.3939H2.8995C2.8995 56.2974 2.8995 55.2305 2.8995 55.3271ZM3.27875 60.2188C3.06946 60.2188 2.8995 60.0488 2.8995 59.8397V58.3117H6.4097V60.2188H3.27875Z\" fill=\"#425362\"><\/path><path d=\"M12.0192 35.1108C11.3585 35.1108 10.832 35.6376 10.832 36.2879C10.832 36.9383 11.3585 37.4749 12.0192 37.4749C12.6695 37.4749 13.196 36.9383 13.196 36.2879C13.196 35.6376 12.6695 35.1108 12.0192 35.1108Z\" fill=\"#425362\"><\/path><path d=\"M19.0457 37.4749C19.696 37.4749 20.2225 36.9383 20.2225 36.2879C20.2225 35.6376 19.696 35.1108 19.0457 35.1108C18.385 35.1108 17.8585 35.6376 17.8585 36.2879C17.8585 36.9383 18.385 37.4749 19.0457 37.4749Z\" fill=\"#425362\"><\/path><path d=\"M15.5273 39.9199C15.9243 39.9199 16.2465 39.5978 16.2465 39.2007V38.1318C16.2465 37.7343 15.9243 37.4126 15.5273 37.4126C15.1302 37.4126 14.8081 37.7343 14.8081 38.1318V39.2007C14.8081 39.5978 15.1302 39.9199 15.5273 39.9199Z\" fill=\"#425362\"><\/path><path d=\"M17.2423 42.7226C17.5612 42.4857 17.6281 42.0352 17.3917 41.7164C17.1548 41.3975 16.7044 41.3301 16.3855 41.567C15.7834 42.0137 15.2707 42.0137 14.6695 41.567C14.3511 41.331 13.9007 41.3975 13.6638 41.7159C13.4269 42.0352 13.4933 42.4857 13.8127 42.7226C14.3652 43.1327 14.9462 43.3378 15.5273 43.3378C16.1083 43.3378 16.6894 43.1327 17.2423 42.7226Z\" fill=\"#425362\"><\/path><path d=\"M53.6493 46.8639C53.5528 46.8667 50.9377 46.9425 51.1055 46.9376V46.4902C53.6046 45.4072 55.4894 43.172 56.0981 40.4573C57.6034 39.9764 58.6988 38.5797 58.6988 36.9134C58.6988 35.7882 58.19 34.7858 57.3999 34.1003V29.6771C57.3999 25.8363 52.5214 24.111 47.6945 24.111C42.8551 24.111 37.9765 25.8363 37.9765 29.6771V34.1083C37.0645 34.9067 36.6774 35.8955 36.6774 36.9134C36.6774 38.5797 37.7728 39.9764 39.2786 40.4573C39.8683 43.0877 41.6602 45.2621 44.0481 46.3807V46.9376C43.6972 46.9275 41.3463 46.8595 41.4968 46.8639C36.8301 46.8639 33.0333 50.6604 33.0333 55.3271C33.0333 55.5787 33.0333 59.9382 33.0333 59.8397V59.8451C33.0333 61.1086 34.0611 62.1366 35.3248 62.1366H35.3304H39.4202H55.7375H59.8274H59.833C61.0967 62.1366 62.1245 61.1086 62.1245 59.8451V59.8397C62.1245 59.6668 62.1245 55.2215 62.1245 55.3388C62.1245 50.6658 58.3225 46.8639 53.6493 46.8639ZM56.6964 58.024H60.2066V59.8397C60.2066 60.0488 60.0367 60.2188 59.8274 60.2188H56.6964V58.024ZM40.9817 38.5685V32.801L43.387 30.8341C45.8074 33.8138 49.2027 34.0751 54.3947 34.6037V38.5685C54.3947 42.2693 51.3888 45.2808 47.6824 45.2808C43.9877 45.2808 40.9817 42.2693 40.9817 38.5685ZM48.9386 47.0982V48.7402H49.7343L47.6536 51.0609L45.4864 48.7402H46.196V47.0598C47.2369 47.2428 48.0104 47.2331 48.9386 47.0982ZM34.9511 55.3271C34.9511 51.7178 37.8873 48.7817 41.4968 48.7817H42.7525L46.7811 53.1066V60.2188H40.3791V55.726C40.3791 55.1965 39.9498 54.7671 39.4202 54.7671C38.8907 54.7671 38.4613 55.1965 38.4613 55.726V56.3939H34.9511C34.9511 56.2974 34.9511 55.2305 34.9511 55.3271ZM35.3304 60.2188C35.1211 60.2188 34.9511 60.0488 34.9511 59.8397V58.3117H38.4613V60.2188H35.3304Z\" fill=\"#425362\"><\/path><path d=\"M44.1801 35.1108C43.5194 35.1108 42.9929 35.6376 42.9929 36.2879C42.9929 36.9383 43.5194 37.4749 44.1801 37.4749C44.8304 37.4749 45.3569 36.9383 45.3569 36.2879C45.3569 35.6376 44.8304 35.1108 44.1801 35.1108Z\" fill=\"#425362\"><\/path><path d=\"M51.2067 37.4749C51.857 37.4749 52.3835 36.9383 52.3835 36.2879C52.3835 35.6376 51.857 35.1108 51.2067 35.1108C50.546 35.1108 50.0195 35.6376 50.0195 36.2879C50.0195 36.9383 50.546 37.4749 51.2067 37.4749Z\" fill=\"#425362\"><\/path><path d=\"M47.6881 39.9199C48.0851 39.9199 48.4072 39.5978 48.4072 39.2007V38.1318C48.4072 37.7343 48.0851 37.4126 47.6881 37.4126C47.291 37.4126 46.9689 37.7343 46.9689 38.1318V39.2007C46.9689 39.5978 47.291 39.9199 47.6881 39.9199Z\" fill=\"#425362\"><\/path><path d=\"M49.4031 42.7226C49.7219 42.4857 49.7889 42.0352 49.5524 41.7164C49.3155 41.3975 48.8656 41.3301 48.5462 41.567C47.9455 42.0128 47.4319 42.0137 46.8302 41.567C46.5114 41.3301 46.0614 41.3975 45.824 41.7164C45.5876 42.0352 45.6545 42.4857 45.9734 42.7226C46.5264 43.1327 47.1074 43.3378 47.6885 43.3378C48.269 43.3378 48.8501 43.1327 49.4031 42.7226Z\" fill=\"#425362\"><\/path><\/svg>\t\t\t\t<\/span>\n\t\t\t<\/div>\n\t\t\t\n\t\t\t\t\t\t<div class=\"elementor-icon-box-content\">\n\n\t\t\t\t\t\t\t\t\t<h4 class=\"elementor-icon-box-title\">\n\t\t\t\t\t\t<span  >\n\t\t\t\t\t\t\tInterpretaci\u00f3n \u2013 Traducci\u00f3n simult\u00e1nea\t\t\t\t\t\t<\/span>\n\t\t\t\t\t<\/h4>\n\t\t\t\t\n\t\t\t\t\n\t\t\t<\/div>\n\t\t\t\n\t\t<\/div>\n\t\t\t\t\t\t<\/div>\n\t\t\t\t<div class=\"elementor-element elementor-element-2e2136e elementor-widget elementor-widget-image\" data-id=\"2e2136e\" data-element_type=\"widget\" data-e-type=\"widget\" data-widget_type=\"image.default\">\n\t\t\t\t\t\t\t\t\t\t\t\t\t\t\t<img loading=\"lazy\" decoding=\"async\" width=\"1783\" height=\"1337\" src=\"https:\/\/qualityinterpreters.com\/wp-content\/uploads\/2025\/03\/traduccion-simultanea-valencia-overlay.jpg\" class=\"attachment-full size-full wp-image-1386\" alt=\"\" srcset=\"https:\/\/qualityinterpreters.com\/wp-content\/uploads\/2025\/03\/traduccion-simultanea-valencia-overlay.jpg 1783w, https:\/\/qualityinterpreters.com\/wp-content\/uploads\/2025\/03\/traduccion-simultanea-valencia-overlay-300x225.jpg 300w, https:\/\/qualityinterpreters.com\/wp-content\/uploads\/2025\/03\/traduccion-simultanea-valencia-overlay-1024x768.jpg 1024w, https:\/\/qualityinterpreters.com\/wp-content\/uploads\/2025\/03\/traduccion-simultanea-valencia-overlay-768x576.jpg 768w, https:\/\/qualityinterpreters.com\/wp-content\/uploads\/2025\/03\/traduccion-simultanea-valencia-overlay-1536x1152.jpg 1536w\" sizes=\"auto, (max-width: 1783px) 100vw, 1783px\" \/>\t\t\t\t\t\t\t\t\t\t\t\t\t\t\t<\/div>\n\t\t\t\t<\/div>\n\t\t\t\t<\/div>\n\t\t<div class=\"elementor-element elementor-element-c92aee3 e-con-full e-flex e-con e-child\" data-id=\"c92aee3\" data-element_type=\"container\" data-e-type=\"container\" data-settings=\"{&quot;background_background&quot;:&quot;classic&quot;}\">\n\t\t\t\t<div class=\"elementor-element elementor-element-9c58b2f elementor-widget elementor-widget-heading\" data-id=\"9c58b2f\" data-element_type=\"widget\" data-e-type=\"widget\" data-widget_type=\"heading.default\">\n\t\t\t\t\t<h3 class=\"elementor-heading-title elementor-size-default\">La interpretaci\u00f3n <i>simult\u00e1nea<\/i> con <b><i>garant\u00edas<\/i><\/b><\/h3>\t\t\t\t<\/div>\n\t\t\t\t<div class=\"elementor-element elementor-element-5679940 elementor-widget elementor-widget-heading\" data-id=\"5679940\" data-element_type=\"widget\" data-e-type=\"widget\" data-widget_type=\"heading.default\">\n\t\t\t\t\t<h6 class=\"elementor-heading-title elementor-size-default\">La interpretaci\u00f3n simult\u00e1nea, tambi\u00e9n conocida como traducci\u00f3n simult\u00e1nea, requiere que el int\u00e9rprete hable al mismo tiempo que escucha la intervenci\u00f3n del orador.\n\n\n<\/h6>\t\t\t\t<\/div>\n\t\t\t\t<div class=\"elementor-element elementor-element-234677d elementor-widget elementor-widget-heading\" data-id=\"234677d\" data-element_type=\"widget\" data-e-type=\"widget\" data-widget_type=\"heading.default\">\n\t\t\t\t\t<h6 class=\"elementor-heading-title elementor-size-default\">Estamos especializados en interpretaci\u00f3n simult\u00e1nea, campo en el que tenemos ampl\u00edsima experiencia, que nos ha sido reconocida con el nombramiento como proveedores del servicio de interpretaci\u00f3n simult\u00e1nea del Palacio de Congresos de Valencia desde marzo de 2017. Como tales, organizamos los distintos equipos de int\u00e9rpretes que se necesitan en todas las combinaciones de idiomas requeridas como ingl\u00e9s, franc\u00e9s, chino, ruso, alem\u00e1n, italiano, etc. La encargada de este servicio es nuestra coordinadora Adela Ib\u00e1\u00f1ez.\n\n<\/h6>\t\t\t\t<\/div>\n\t\t\t\t<div class=\"elementor-element elementor-element-ed20513 elementor-widget elementor-widget-heading\" data-id=\"ed20513\" data-element_type=\"widget\" data-e-type=\"widget\" data-widget_type=\"heading.default\">\n\t\t\t\t\t<h6 class=\"elementor-heading-title elementor-size-default\">La interpretaci\u00f3n simult\u00e1nea puede llevarse a cabo de distintas maneras: la m\u00e1s com\u00fan es en salas de conferencias que cuentan con cabinas de interpretaci\u00f3n donde se sit\u00faan los int\u00e9rpretes y desde donde se emite su interpretaci\u00f3n desde el pupitres de los int\u00e9rpretes de forma anal\u00f3gica o digital (casi todos los equipos hoy en d\u00eda son ya digitales). La traducci\u00f3n al idioma o idiomas que se recibir\u00e1 por parte de la audiencia al seleccionar el canal adecuado de sus receptores con auriculares. Las cabinas de los int\u00e9rpretes pueden estar fijas en los distintos edificios, o ser port\u00e1tiles, que se montan seg\u00fan se necesiten.\n\n\n\n<\/h6>\t\t\t\t<\/div>\n\t\t\t\t<div class=\"elementor-element elementor-element-51578d3 elementor-widget elementor-widget-heading\" data-id=\"51578d3\" data-element_type=\"widget\" data-e-type=\"widget\" data-widget_type=\"heading.default\">\n\t\t\t\t\t<h6 class=\"elementor-heading-title elementor-size-default\">La interpretaci\u00f3n simult\u00e1nea tambi\u00e9n se puede realizar con la ayuda de un emisor port\u00e1til o infoport. Esto es muy adecuado cuando se requiere este servicio de interpretaci\u00f3n en una visita a unas instalaciones, por ejemplo. El int\u00e9rprete lleva un emisor por el que se emitir\u00e1 su interpretaci\u00f3n en el idioma que se requiera, tambi\u00e9n lleva un receptor para escuchar al ponente en la mayor\u00eda de los casos, y las personas de la audiencia llevan unos receptores con auriculares para escuchar la traducci\u00f3n.\n\n\n\n<\/h6>\t\t\t\t<\/div>\n\t\t\t\t<div class=\"elementor-element elementor-element-15ea3f5 elementor-widget elementor-widget-heading\" data-id=\"15ea3f5\" data-element_type=\"widget\" data-e-type=\"widget\" data-widget_type=\"heading.default\">\n\t\t\t\t\t<h6 class=\"elementor-heading-title elementor-size-default\">Utilizamos este sistema hace muy poco en una visita de un grupo de delegados a distintas huertas de Valencia, tras una ma\u00f1ana de seminarios. Tambi\u00e9n lo utilizamos para unos grupos de trabajo que ten\u00edan que cambiar de ubicaci\u00f3n en varias ocasiones como complemento al servicio de traducci\u00f3n simult\u00e1nea fija en las conferencias de la ma\u00f1ana.\n\n\n\n<\/h6>\t\t\t\t<\/div>\n\t\t\t\t<div class=\"elementor-element elementor-element-a4b16bc elementor-widget elementor-widget-heading\" data-id=\"a4b16bc\" data-element_type=\"widget\" data-e-type=\"widget\" data-widget_type=\"heading.default\">\n\t\t\t\t\t<h6 class=\"elementor-heading-title elementor-size-default\">Debido al alt\u00edsimo nivel de concentraci\u00f3n exigido, los int\u00e9rpretes de simult\u00e1nea trabajan por parejas haciendo turnos de unos 20-30 minutos. Este tipo de interpretaci\u00f3n se utiliza frecuentemente en congresos y conferencias internacionales, presentaciones de productos y, en general, en cualquier evento en que se necesite una interpretaci\u00f3n con la posibilidad de llegar a un amplio p\u00fablico sin demoras en los discursos.\n\n\n\n\n<\/h6>\t\t\t\t<\/div>\n\t\t\t\t<div class=\"elementor-element elementor-element-b585220 elementor-widget elementor-widget-heading\" data-id=\"b585220\" data-element_type=\"widget\" data-e-type=\"widget\" data-widget_type=\"heading.default\">\n\t\t\t\t\t<h6 class=\"elementor-heading-title elementor-size-default\">Tambi\u00e9n hay otra modalidad de interpretaci\u00f3n simult\u00e1nea que se llama interpretaci\u00f3n susurrada o chuchotage. En esta modalidad, el int\u00e9rprete se sit\u00faa junto a la persona o personas (normalmente no m\u00e1s de tres) que necesitan que les traduzcan lo que se est\u00e1 diciendo y en voz baja, como su nombre indica, va susurr\u00e1ndoles la interpretaci\u00f3n. No se requiere ning\u00fan equipo t\u00e9cnico.\n\n\n\n\n\n<\/h6>\t\t\t\t<\/div>\n\t\t\t\t<div class=\"elementor-element elementor-element-a635af6 elementor-widget elementor-widget-heading\" data-id=\"a635af6\" data-element_type=\"widget\" data-e-type=\"widget\" data-widget_type=\"heading.default\">\n\t\t\t\t\t<h6 class=\"elementor-heading-title elementor-size-default\">Ll\u00e1menos, le informaremos sin ning\u00fan compromiso, le ayudaremos a evaluar las distintas opciones para su conferencia o evento. Y le ofreceremos el mejor servicio de interpretaci\u00f3n simult\u00e1nea en Valencia.\n\n\n\n\n\n\n<\/h6>\t\t\t\t<\/div>\n\t\t\t\t<div class=\"elementor-element elementor-element-b283187 elementor-hidden-desktop elementor-widget elementor-widget-spacer\" data-id=\"b283187\" data-element_type=\"widget\" data-e-type=\"widget\" data-widget_type=\"spacer.default\">\n\t\t\t\t\t\t\t<div class=\"elementor-spacer\">\n\t\t\t<div class=\"elementor-spacer-inner\"><\/div>\n\t\t<\/div>\n\t\t\t\t\t\t<\/div>\n\t\t\t\t<\/div>\n\t\t\t\t\t<\/div>\n\t\t\t\t<\/div>\n\t\t\t\t<\/div>\n\t\t","protected":false},"excerpt":{"rendered":"<p>Interpretaci\u00f3n \u2013 Traducci\u00f3n simult\u00e1nea La interpretaci\u00f3n simult\u00e1nea con garant\u00edas La interpretaci\u00f3n simult\u00e1nea, tambi\u00e9n conocida como traducci\u00f3n simult\u00e1nea, requiere que el [&hellip;]<\/p>\n","protected":false},"author":1,"featured_media":0,"parent":0,"menu_order":0,"comment_status":"closed","ping_status":"closed","template":"","meta":{"site-sidebar-layout":"no-sidebar","site-content-layout":"","ast-site-content-layout":"full-width-container","site-content-style":"default","site-sidebar-style":"default","ast-global-header-display":"","ast-banner-title-visibility":"","ast-main-header-display":"","ast-hfb-above-header-display":"","ast-hfb-below-header-display":"","ast-hfb-mobile-header-display":"","site-post-title":"disabled","ast-breadcrumbs-content":"","ast-featured-img":"disabled","footer-sml-layout":"","ast-disable-related-posts":"","theme-transparent-header-meta":"","adv-header-id-meta":"","stick-header-meta":"","header-above-stick-meta":"","header-main-stick-meta":"","header-below-stick-meta":"","astra-migrate-meta-layouts":"default","ast-page-background-enabled":"default","ast-page-background-meta":{"desktop":{"background-color":"var(--ast-global-color-5)","background-image":"","background-repeat":"repeat","background-position":"center center","background-size":"auto","background-attachment":"scroll","background-type":"","background-media":"","overlay-type":"","overlay-color":"","overlay-opacity":"","overlay-gradient":""},"tablet":{"background-color":"","background-image":"","background-repeat":"repeat","background-position":"center center","background-size":"auto","background-attachment":"scroll","background-type":"","background-media":"","overlay-type":"","overlay-color":"","overlay-opacity":"","overlay-gradient":""},"mobile":{"background-color":"","background-image":"","background-repeat":"repeat","background-position":"center center","background-size":"auto","background-attachment":"scroll","background-type":"","background-media":"","overlay-type":"","overlay-color":"","overlay-opacity":"","overlay-gradient":""}},"ast-content-background-meta":{"desktop":{"background-color":"var(--ast-global-color-4)","background-image":"","background-repeat":"repeat","background-position":"center center","background-size":"auto","background-attachment":"scroll","background-type":"","background-media":"","overlay-type":"","overlay-color":"","overlay-opacity":"","overlay-gradient":""},"tablet":{"background-color":"var(--ast-global-color-4)","background-image":"","background-repeat":"repeat","background-position":"center center","background-size":"auto","background-attachment":"scroll","background-type":"","background-media":"","overlay-type":"","overlay-color":"","overlay-opacity":"","overlay-gradient":""},"mobile":{"background-color":"var(--ast-global-color-4)","background-image":"","background-repeat":"repeat","background-position":"center center","background-size":"auto","background-attachment":"scroll","background-type":"","background-media":"","overlay-type":"","overlay-color":"","overlay-opacity":"","overlay-gradient":""}},"footnotes":""},"class_list":["post-1451","page","type-page","status-publish","hentry"],"_links":{"self":[{"href":"https:\/\/qualityinterpreters.com\/en\/wp-json\/wp\/v2\/pages\/1451","targetHints":{"allow":["GET"]}}],"collection":[{"href":"https:\/\/qualityinterpreters.com\/en\/wp-json\/wp\/v2\/pages"}],"about":[{"href":"https:\/\/qualityinterpreters.com\/en\/wp-json\/wp\/v2\/types\/page"}],"author":[{"embeddable":true,"href":"https:\/\/qualityinterpreters.com\/en\/wp-json\/wp\/v2\/users\/1"}],"replies":[{"embeddable":true,"href":"https:\/\/qualityinterpreters.com\/en\/wp-json\/wp\/v2\/comments?post=1451"}],"version-history":[{"count":4,"href":"https:\/\/qualityinterpreters.com\/en\/wp-json\/wp\/v2\/pages\/1451\/revisions"}],"predecessor-version":[{"id":1634,"href":"https:\/\/qualityinterpreters.com\/en\/wp-json\/wp\/v2\/pages\/1451\/revisions\/1634"}],"wp:attachment":[{"href":"https:\/\/qualityinterpreters.com\/en\/wp-json\/wp\/v2\/media?parent=1451"}],"curies":[{"name":"wp","href":"https:\/\/api.w.org\/{rel}","templated":true}]}}