{"id":1454,"date":"2025-02-07T12:21:10","date_gmt":"2025-02-07T11:21:10","guid":{"rendered":"https:\/\/qualityinterpreters.com\/aviso-legal\/"},"modified":"2025-09-01T14:36:17","modified_gmt":"2025-09-01T12:36:17","slug":"legal-notice","status":"publish","type":"page","link":"https:\/\/qualityinterpreters.com\/en\/legal-notice\/","title":{"rendered":"Legal notice"},"content":{"rendered":"\t\t<div data-elementor-type=\"wp-page\" data-elementor-id=\"1454\" class=\"elementor elementor-1454 elementor-440\" data-elementor-post-type=\"page\">\n\t\t\t\t<div class=\"elementor-element elementor-element-9e894a6 e-flex e-con-boxed e-con e-parent\" data-id=\"9e894a6\" data-element_type=\"container\" data-e-type=\"container\">\n\t\t\t\t\t<div class=\"e-con-inner\">\n\t\t\t\t<div class=\"elementor-element elementor-element-0dabbbb elementor-widget elementor-widget-heading\" data-id=\"0dabbbb\" data-element_type=\"widget\" data-e-type=\"widget\" data-widget_type=\"heading.default\">\n\t\t\t\t\t<h1 class=\"elementor-heading-title elementor-size-default\">Legal notice<\/h1>\t\t\t\t<\/div>\n\t\t\t\t<div class=\"elementor-element elementor-element-148c0d0 elementor-widget elementor-widget-text-editor\" data-id=\"148c0d0\" data-element_type=\"widget\" data-e-type=\"widget\" data-widget_type=\"text-editor.default\">\n\t\t\t\t\t\t\t\t\t<p class=\"p1\">La titular de la presente p\u00e1gina es Quality Interpreters, S.L., con domicilio en la G.V. Fernando el Cat\u00f3lico, 8-2, 46008 Valencia (Espa\u00f1a), con CIF n\u00ba B98817000, inscrita en el Registro Mercantil de Valencia en el tomo 10108, folio 37, inscripci\u00f3n 1, hoja V-170269.<\/p>\n<p><b>1. ACEPTACI\u00d3N DE LOS T\u00c9RMINOS LEGALES<\/b><br>1.1.) El acceso a este sitio web o su utilizaci\u00f3n en cualquier forma implica la aceptaci\u00f3n de todas y cada uno de los presentes t\u00e9rminos legales, reserv\u00e1ndose Quality Interpreters, S.L. el derecho a modificarlos en cualquier momento. En consecuencia, ser\u00e1 responsabilidad de todo visitante y\/o usuario, la atenta lectura de los t\u00e9rminos legales de uso vigente en cada una de las ocasiones en que acceda a este sitio web, por lo que si \u00e9ste no est\u00e1 de acuerdo con cualquiera de los mismos aqu\u00ed dispuestos, deber\u00e1 abstenerse respecto al uso de la presente p\u00e1gina web.<\/p>\n<p><b>2. OBJETO<\/b><br>2.1.) Por medio de esta web se facilita a los usuarios el acceso a diversos contenidos, servicios, informaci\u00f3n y datos (los \u201ccontenidos\u201d), puestos a su disposici\u00f3n. Quality Interpreters, S.L. se reserva el derecho de modificar en cualquier momento la presentaci\u00f3n, configuraci\u00f3n y localizaci\u00f3n de la p\u00e1gina web, as\u00ed como los contenidos, productos y servicios en \u00e9l dispuestos.<\/p>\n<p><b>3. CONDICIONES DE ACCESO<\/b><br>3.1.) El acceso a la informaci\u00f3n de los distintos productos y servicios existentes en el sitio web, as\u00ed como a su navegaci\u00f3n ser\u00e1 libre y gratuita no exigi\u00e9ndose por tanto a los usuarios el pertinente registro con la consecuente entrega de sus datos personales, ni la utilizaci\u00f3n de claves o contrase\u00f1as.<\/p>\n<p>3.2.) Cuando para el acceso a determinados contenidos o servicios sea necesario facilitar datos de car\u00e1cter personal, los usuarios garantizar\u00e1n su veracidad, exactitud, autenticidad y vigencia. Quality Interpreters, S.L. dar\u00e1 a dichos datos el tratamiento automatizado que corresponda en funci\u00f3n de su naturaleza o finalidad, en los t\u00e9rminos indicados en la secci\u00f3n de Pol\u00edtica de Privacidad.<\/p>\n<p><b>4. CONDICIONES DE UTILIZACI\u00d3N<\/b><br>4.1.) El usuario se compromete a hacer un uso adecuado y l\u00edcito del sitio web as\u00ed como de los contenidos y servicios, de conformidad con la legislaci\u00f3n aplicable en cada momento, los T\u00e9rminos Legales del sitio web, la moral y buenas costumbres generalmente aceptadas y el orden p\u00fablico. El usuario deber\u00e1 abstenerse de:<\/p>\n<p>1. Hacer un uso no autorizado o fraudulento del sitio web y\/o de los contenidos con fines o efectos il\u00edcitos, prohibidos en los presentes T\u00e9rminos Legales, lesivos de los derechos e intereses de terceros, o que de cualquier forma puedan da\u00f1ar, inutilizar, sobrecargar, deteriorar o impedir la normal utilizaci\u00f3n de los servicios o los documentos, archivos y toda clase de contenidos almacenados en cualquier equipo inform\u00e1tico;<\/p>\n<p>2. Acceder o intentar acceder a recursos o \u00e1reas restringidas del sitio web, sin cumplir las condiciones exigidas para dicho acceso;<\/p>\n<p>3. Provocar da\u00f1os en los sistemas f\u00edsicos o l\u00f3gicos del sitio web, de sus proveedores o de terceros;<\/p>\n<p>4. Introducir o difundir en la red virus inform\u00e1ticos o cualesquiera otros sistemas f\u00edsicos o l\u00f3gicos que sean susceptibles de provocar da\u00f1os en los sistemas f\u00edsicos o l\u00f3gicos de Quality Interpreters, S.L., de sus proveedores o de terceros;<\/p>\n<p>5. Intentar acceder, utilizar y\/o manipular los datos de Quality Interpreters, S.L., terceros proveedores y otros usuarios;<\/p>\n<p>6. Reproducir o copiar, distribuir, permitir el acceso del p\u00fablico a trav\u00e9s de cualquier modalidad de comunicaci\u00f3n p\u00fablica, transformar o modificar los contenidos, a menos que se cuente con la autorizaci\u00f3n del titular de los correspondientes derechos o ello resulte legalmente permitido;<\/p>\n<p>7. Suprimir, ocultar o manipular las notas sobre derechos de propiedad intelectual o industrial y dem\u00e1s datos identificativos de los derechos de Quality Interpreters, S.L. o de terceros incorporados a los contenidos, as\u00ed como los dispositivos t\u00e9cnicos de protecci\u00f3n o cualesquiera mecanismos de informaci\u00f3n que puedan insertarse en los contenidos;<\/p>\n<p>8. Obtener e intentar obtener los contenidos empleando para ello medios o procedimientos distintos de los que, seg\u00fan los casos, se hayan puesto a su disposici\u00f3n a este efecto o se hayan indicado expresamente en las p\u00e1ginas web donde se encuentren los contenidos o, en general, de los que se empleen habitualmente en Internet por no entra\u00f1ar un riesgo de da\u00f1o o inutilizaci\u00f3n del sitio web y\/o de los contenidos;<\/p>\n<p>9. En particular, y a t\u00edtulo meramente indicativo y no exhaustivo, el usuario se compromete a no transmitir, difundir o poner a disposici\u00f3n de terceros informaciones, datos, contenidos, mensajes, gr\u00e1ficos, dibujos, archivos de sonido y\/o imagen, fotograf\u00edas, grabaciones, software y, en general, cualquier clase de material que:<\/p>\n<p>(a) De cualquier forma sea contrario, menosprecie o atente contra los derechos fundamentales y las libertades p\u00fablicas reconocidas constitucionalmente, en los Tratados Internacionales y en el resto de la legislaci\u00f3n; (b) Induzca, incite o promueva actuaciones delictivas, denigratorias, difamatorias, violentas o, en general, contrarias a la ley, a la moral, a las buenas costumbres generalmente aceptadas o al orden p\u00fablico; (c) Induzca, incite o promueva actuaciones, actitudes o pensamientos discriminatorios por raz\u00f3n de sexo, raza, religi\u00f3n, creencias, edad o condici\u00f3n; (d) Incorpore, ponga a disposici\u00f3n o permita acceder a productos, elementos, mensajes y\/o servicios delictivos, violentos, ofensivos, nocivos, degradantes o, en general, contrarios a la ley, a la moral y a las buenas costumbres generalmente aceptadas o al orden p\u00fablico; (e) Induzca o pueda inducir a un estado inaceptable de ansiedad o temor; (f) Induzca o incite a involucrarse en pr\u00e1cticas peligrosas, de riesgo o nocivas para la salud y el equilibrio ps\u00edquico; (g) Se encuentra protegido por la legislaci\u00f3n en materia de protecci\u00f3n intelectual o industrial perteneciente a Quality Interpreters, S.L. o a terceros sin que haya sido autorizado el uso que se pretenda hacer; (h) Sea contrario al honor, a la intimidad personal y familiar o a la propia imagen de las personas; (i) Constituya cualquier tipo de publicidad; (j) Incluya cualquier tipo de virus o programa que impida el normal funcionamiento del sitio web.<\/p>\n<p><b>5.- RESPONSABILIDADES<\/b><br>5.1.) Quality Interpreters, S.L. no garantiza el acceso continuado, ni la correcta visualizaci\u00f3n, descarga o utilidad de los elementos e informaciones contenidas en las p\u00e1ginas de Quality Interpreters, S.L., que pueden verse impedidos, dificultados o interrumpidos por factores o circunstancias que est\u00e1n fuera de su control. 5.2.) Quality Interpreters, S.L. podr\u00e1 interrumpir el servicio o resolver de modo inmediato la relaci\u00f3n con el usuario si detecta un uso de su Portal o de cualquiera de los servicios ofertados en el mismo son contrarios a los presentes T\u00e9rminos Legales.<\/p>\n<p>Quality Interpreters, S.L. pone a disposici\u00f3n de los usuarios una direcci\u00f3n de correo electr\u00f3nico niceinfo@qualityinterpreters.com para que cualquier contenido que pueda afectar a la actividad de otros usuarios sea puesto de manifiesto, con la voluntad de rectificar el mismo en caso de ser apropiado.<\/p>\n<p>5.4.) Quality Interpreters, S.L. no se hace responsable por da\u00f1os, perjuicios, p\u00e9rdidas, reclamaciones o gastos, producidos por:<\/p>\n<p>(i) interferencias, interrupciones, fallos, omisiones, aver\u00edas telef\u00f3nicas, retrasos, bloqueos o desconexiones en el funcionamiento del sistema electr\u00f3nico, motivadas por deficiencias, sobrecargas y errores en las l\u00edneas y redes de telecomunicaciones, o por cualquier otra causa ajena al control de Quality Interpreters, S.L.; (ii) intromisiones ileg\u00edtimas mediante el uso de programas malignos de cualquier tipo y a trav\u00e9s de cualquier medio de comunicaci\u00f3n, tales como virus inform\u00e1ticos o cualesquiera otros; (iii) abuso indebido o inadecuado de las p\u00e1ginas web de Quality Interpreters, S.L.; (iv) errores de seguridad o navegaci\u00f3n producidos por un mal funcionamiento del navegador o por el uso de versiones no actualizadas del mismo. Los administradores de Quality Interpreters, S.L. se reservan el derecho de retirar, total o parcialmente, cualquier contenido o informaci\u00f3n presente en la web.<\/p>\n<p>5.5.) Quality Interpreters, S.L. excluye cualquier responsabilidad por los da\u00f1os y perjuicios de toda naturaleza que pudieran deberse a la mala utilizaci\u00f3n de los servicios de libre disposici\u00f3n y uso por parte de los usuarios del web. Asimismo, Quality Interpreters, S.L. queda exonerada de cualquier responsabilidad por el contenido e informaciones que puedan ser recibidas como consecuencia de los formularios de recogida de datos, estando los mismos \u00fanicamente para la prestaci\u00f3n de los servicios de solicitud de presupuestos. Por otro lado, en caso de causar da\u00f1os y perjuicios por un uso il\u00edcito o incorrecto de dichos servicios, podr\u00e1 ser el usuario reclamado por Quality Interpreters, S.L. de los da\u00f1os o perjuicios causados.<\/p>\n<p><b>6.- PROPIEDAD INTELECTUAL E INDUSTRIAL<\/b><br>6.1.) El usuario reconoce y acepta que todas las marcas, nombres comerciales o signos distintivos, todos los derechos de propiedad industrial e intelectual, sobre los contenidos y\/o cualesquiera otros elementos insertados en la p\u00e1gina, son propiedad exclusiva de Quality Interpreters, S.L. o de terceros, quienes tiene el derecho exclusivo de utilizarlos en el tr\u00e1fico econ\u00f3mico. En ning\u00fan caso el acceso a la p\u00e1gina web implica ning\u00fan tipo de renuncia, transmisi\u00f3n, licencia o cesi\u00f3n total ni parcial de dichos derechos, salvo que se establezca expresamente lo contrario. Los presentes T\u00e9rminos Legales de la p\u00e1gina web no confieren a los usuarios ning\u00fan otro derecho de utilizaci\u00f3n, alteraci\u00f3n, explotaci\u00f3n, reproducci\u00f3n, distribuci\u00f3n o comunicaci\u00f3n p\u00fablica de la p\u00e1gina web o de sus Contenidos distintos de los aqu\u00ed expresamente previstos. Cualquier otro uso o explotaci\u00f3n de cualesquiera derechos estar\u00e1 sujeto a la previa y expresa autorizaci\u00f3n espec\u00edficamente otorgada a tal efecto por Quality Interpreters, S.L. o el tercero titular de los derechos afectados.<\/p>\n<p>6.2.) Los contenidos, textos, fotograf\u00edas, dise\u00f1os, logotipos, im\u00e1genes, programas de ordenador, c\u00f3digos fuente y, en general, cualquier creaci\u00f3n intelectual existente en este sitio, as\u00ed como el propio sitio en su conjunto, como obra art\u00edstica multimedia, est\u00e1n protegidos como derechos de autor por la legislaci\u00f3n en materia de propiedad intelectual. Quality Interpreters, S.L. es titular o licenciatario de los elementos que integran el dise\u00f1o gr\u00e1fico de su p\u00e1gina web, lo men\u00fas, botones de navegaci\u00f3n, el c\u00f3digo HTML, los textos, im\u00e1genes, texturas, gr\u00e1ficos y cualquier otro contenido de la p\u00e1gina web o, en cualquier caso, dispone de la correspondiente autorizaci\u00f3n para la utilizaci\u00f3n de dichos elementos. El contenido dispuesto en dicha web no podr\u00e1 ser reproducido ni en todo ni en parte, ni transmitido, ni registrado por ning\u00fan sistema de recuperaci\u00f3n de informaci\u00f3n, en ninguna forma ni en ning\u00fan medio, a menos que se cuente con la autorizaci\u00f3n previa, por escrito, de la citada Entidad.<\/p>\n<p>6.3.) As\u00ed mismo queda prohibido suprimir, eludir o manipular el copyright de Quality Interpreters, S.L. , as\u00ed como los dispositivos t\u00e9cnicos de protecci\u00f3n, o cualesquiera mecanismos de informaci\u00f3n que pudieren contener los contenidos. El usuario de este sitio web se compromete a respetar los derechos enunciados y a evitar cualquier actuaci\u00f3n que pudiera perjudicarlos, reserv\u00e1ndose en todo caso Quality Interpreters, S.L. el ejercicio de cuantos medios o acciones legales le correspondan en defensa de sus leg\u00edtimos derechos de propiedad intelectual e industrial.<\/p>\n<p><b>7.- PROTECCI\u00d3N DE DATOS<\/b><br>7.1.) Para utilizar algunos de los Servicios, los usuarios deben proporcionar previamente ciertos datos de car\u00e1cter personal. Para ello, Quality Interpreters, S.L. tratar\u00e1 automatizadamente los Datos Personales en cumplimiento con la Ley Org\u00e1nica 15\/1999 de 13 de diciembre de Protecci\u00f3n de Datos de Car\u00e1cter Personal. Para ello, el usuario puede acceder a la pol\u00edtica seguida en el tratamiento de los datos personales, as\u00ed como el establecimiento de las finalidades previamente establecidas, a lo dispuesto en las condiciones definidas en la Pol\u00edtica de Privacidad que presenta la web.<\/p>\n<p><b>8.-DURACI\u00d3N Y TERMINACI\u00d3N<\/b><br>8.1.) La prestaci\u00f3n del servicio del presente sitio web y los dem\u00e1s servicios tienen en principio una duraci\u00f3n indefinida. No obstante, Quality Interpreters, S.L. podr\u00e1 dar por terminada o suspender cualquiera de los servicios del portal. Cuando sea ello posible, Quality Interpreters, S.L. anunciar\u00e1 la terminaci\u00f3n o suspensi\u00f3n de la prestaci\u00f3n del servicio determinado.<\/p>\n<p><b>9.-FUERZA MAYOR<\/b><br>9.1.) Quality Interpreters, S.L. no ser\u00e1 responsable en todo en caso de imposibilidad de prestar servicio, si \u00e9sta se debe a interrupciones prolongadas del suministro el\u00e9ctrico, l\u00edneas de telecomunicaciones, conflictos sociales, huelgas, rebeli\u00f3n, explosiones, inundaciones, actos y omisiones del Gobierno, y en general todos los supuestos de fuerza mayor.<\/p>\n<p><b>10.- LEY APLICABLE Y JURISDICCI\u00d3N<\/b><br>10.1.) Los presentes T\u00e9rminos Legales se rigen por la ley espa\u00f1ola. En la medida en que as\u00ed lo permita la ley, las partes con renuncia expresa a cualquier otro fuero que pudiera corresponderles, acuerdan someterse a la jurisdicci\u00f3n de los Juzgados y Tribunales de Valencia.<\/p>\t\t\t\t\t\t\t\t<\/div>\n\t\t\t\t\t<\/div>\n\t\t\t\t<\/div>\n\t\t\t\t<\/div>\n\t\t","protected":false},"excerpt":{"rendered":"<p>La titular de la presente p\u00e1gina es Quality Interpreters, S.L., con domicilio en la G.V. Fernando el Cat\u00f3lico, 8-2, 46008 [&hellip;]<\/p>\n","protected":false},"author":1,"featured_media":0,"parent":0,"menu_order":0,"comment_status":"closed","ping_status":"closed","template":"","meta":{"site-sidebar-layout":"no-sidebar","site-content-layout":"","ast-site-content-layout":"full-width-container","site-content-style":"default","site-sidebar-style":"default","ast-global-header-display":"","ast-banner-title-visibility":"","ast-main-header-display":"","ast-hfb-above-header-display":"","ast-hfb-below-header-display":"","ast-hfb-mobile-header-display":"","site-post-title":"disabled","ast-breadcrumbs-content":"","ast-featured-img":"disabled","footer-sml-layout":"","ast-disable-related-posts":"","theme-transparent-header-meta":"","adv-header-id-meta":"","stick-header-meta":"","header-above-stick-meta":"","header-main-stick-meta":"","header-below-stick-meta":"","astra-migrate-meta-layouts":"default","ast-page-background-enabled":"default","ast-page-background-meta":{"desktop":{"background-color":"var(--ast-global-color-5)","background-image":"","background-repeat":"repeat","background-position":"center center","background-size":"auto","background-attachment":"scroll","background-type":"","background-media":"","overlay-type":"","overlay-color":"","overlay-opacity":"","overlay-gradient":""},"tablet":{"background-color":"","background-image":"","background-repeat":"repeat","background-position":"center center","background-size":"auto","background-attachment":"scroll","background-type":"","background-media":"","overlay-type":"","overlay-color":"","overlay-opacity":"","overlay-gradient":""},"mobile":{"background-color":"","background-image":"","background-repeat":"repeat","background-position":"center center","background-size":"auto","background-attachment":"scroll","background-type":"","background-media":"","overlay-type":"","overlay-color":"","overlay-opacity":"","overlay-gradient":""}},"ast-content-background-meta":{"desktop":{"background-color":"var(--ast-global-color-4)","background-image":"","background-repeat":"repeat","background-position":"center center","background-size":"auto","background-attachment":"scroll","background-type":"","background-media":"","overlay-type":"","overlay-color":"","overlay-opacity":"","overlay-gradient":""},"tablet":{"background-color":"var(--ast-global-color-4)","background-image":"","background-repeat":"repeat","background-position":"center center","background-size":"auto","background-attachment":"scroll","background-type":"","background-media":"","overlay-type":"","overlay-color":"","overlay-opacity":"","overlay-gradient":""},"mobile":{"background-color":"var(--ast-global-color-4)","background-image":"","background-repeat":"repeat","background-position":"center center","background-size":"auto","background-attachment":"scroll","background-type":"","background-media":"","overlay-type":"","overlay-color":"","overlay-opacity":"","overlay-gradient":""}},"footnotes":""},"class_list":["post-1454","page","type-page","status-publish","hentry"],"_links":{"self":[{"href":"https:\/\/qualityinterpreters.com\/en\/wp-json\/wp\/v2\/pages\/1454","targetHints":{"allow":["GET"]}}],"collection":[{"href":"https:\/\/qualityinterpreters.com\/en\/wp-json\/wp\/v2\/pages"}],"about":[{"href":"https:\/\/qualityinterpreters.com\/en\/wp-json\/wp\/v2\/types\/page"}],"author":[{"embeddable":true,"href":"https:\/\/qualityinterpreters.com\/en\/wp-json\/wp\/v2\/users\/1"}],"replies":[{"embeddable":true,"href":"https:\/\/qualityinterpreters.com\/en\/wp-json\/wp\/v2\/comments?post=1454"}],"version-history":[{"count":8,"href":"https:\/\/qualityinterpreters.com\/en\/wp-json\/wp\/v2\/pages\/1454\/revisions"}],"predecessor-version":[{"id":1538,"href":"https:\/\/qualityinterpreters.com\/en\/wp-json\/wp\/v2\/pages\/1454\/revisions\/1538"}],"wp:attachment":[{"href":"https:\/\/qualityinterpreters.com\/en\/wp-json\/wp\/v2\/media?parent=1454"}],"curies":[{"name":"wp","href":"https:\/\/api.w.org\/{rel}","templated":true}]}}