{"id":1455,"date":"2025-02-07T12:20:54","date_gmt":"2025-02-07T11:20:54","guid":{"rendered":"https:\/\/qualityinterpreters.com\/politica-de-cookies\/"},"modified":"2025-09-04T13:02:31","modified_gmt":"2025-09-04T11:02:31","slug":"cookies-policy","status":"publish","type":"page","link":"https:\/\/qualityinterpreters.com\/en\/cookies-policy\/","title":{"rendered":"Cookies Policy"},"content":{"rendered":"\t\t<div data-elementor-type=\"wp-page\" data-elementor-id=\"1455\" class=\"elementor elementor-1455 elementor-435\" data-elementor-post-type=\"page\">\n\t\t\t\t<div class=\"elementor-element elementor-element-f8423a0 e-flex e-con-boxed e-con e-parent\" data-id=\"f8423a0\" data-element_type=\"container\" data-e-type=\"container\">\n\t\t\t\t\t<div class=\"e-con-inner\">\n\t\t\t\t<div class=\"elementor-element elementor-element-e1cc432 elementor-widget elementor-widget-heading\" data-id=\"e1cc432\" data-element_type=\"widget\" data-e-type=\"widget\" data-widget_type=\"heading.default\">\n\t\t\t\t\t<h1 class=\"elementor-heading-title elementor-size-default\">Cookies Policy<\/h1>\t\t\t\t<\/div>\n\t\t\t\t<div class=\"elementor-element elementor-element-f5ca27d elementor-widget elementor-widget-text-editor\" data-id=\"f5ca27d\" data-element_type=\"widget\" data-e-type=\"widget\" data-widget_type=\"text-editor.default\">\n\t\t\t\t\t\t\t\t\t<p data-start=\"350\" data-end=\"562\">En <a href=\"https:\/\/qualityinterpreters.com\/\" target=\"_new\" rel=\"noopener\" data-start=\"353\" data-end=\"384\">https:\/\/qualityinterpreters.com\/<\/a> utilizamos cookies para mejorar la experiencia de navegaci\u00f3n de nuestros usuarios y analizar el uso de nuestro sitio web. Al continuar navegando, consideramos que acepta su uso.<\/p>\n<p data-start=\"564\" data-end=\"589\"><strong data-start=\"564\" data-end=\"589\">\u00bfQu\u00e9 son las cookies?<\/strong><\/p>\n<p data-start=\"591\" data-end=\"814\">Las cookies son peque\u00f1os archivos de texto que se almacenan en su dispositivo al visitar ciertas p\u00e1ginas web. Permiten a un sitio web reconocer el dispositivo de un usuario y recordar sus preferencias o acciones anteriores.<\/p>\n<p data-start=\"816\" data-end=\"851\"><strong data-start=\"816\" data-end=\"851\">Tipos de cookies que utilizamos<\/strong><\/p>\n<ol data-start=\"853\" data-end=\"1403\">\n<li data-start=\"853\" data-end=\"1006\">\n<p data-start=\"856\" data-end=\"1006\"><strong data-start=\"856\" data-end=\"876\">Cookies t\u00e9cnicas<\/strong>: Son necesarias para el funcionamiento b\u00e1sico del sitio y permiten, por ejemplo, controlar el tr\u00e1fico y la comunicaci\u00f3n de datos.<\/p>\n<\/li>\n<li data-start=\"1008\" data-end=\"1208\">\n<p data-start=\"1011\" data-end=\"1208\"><strong data-start=\"1011\" data-end=\"1041\">Cookies de personalizaci\u00f3n<\/strong>: Permiten al usuario acceder al servicio con algunas caracter\u00edsticas de car\u00e1cter general predefinidas en funci\u00f3n de una serie de criterios en el terminal del usuario.<\/p>\n<\/li>\n<li data-start=\"1210\" data-end=\"1403\">\n<p data-start=\"1213\" data-end=\"1403\"><strong data-start=\"1213\" data-end=\"1236\">Cookies de an\u00e1lisis<\/strong>: Nos permiten cuantificar el n\u00famero de usuarios y as\u00ed realizar la medici\u00f3n y an\u00e1lisis estad\u00edstico de la utilizaci\u00f3n que hacen los usuarios de los servicios ofrecidos.<\/p>\n<\/li>\n<\/ol>\n<p data-start=\"1405\" data-end=\"1428\"><strong data-start=\"1405\" data-end=\"1428\">Cookies de terceros<\/strong><\/p>\n<p data-start=\"1430\" data-end=\"1750\">Nuestro sitio puede utilizar servicios de terceros que recopilan informaci\u00f3n con fines estad\u00edsticos y de uso de la web. En particular, utilizamos Google Analytics, un servicio de an\u00e1lisis web proporcionado por Google, Inc. Puede obtener m\u00e1s informaci\u00f3n sobre las cookies de Google Analytics en su pol\u00edtica de privacidad.<\/p>\n<p data-start=\"1752\" data-end=\"1774\"><strong data-start=\"1752\" data-end=\"1774\">Gesti\u00f3n de cookies<\/strong><\/p>\n<p data-start=\"1776\" data-end=\"2044\">Puede permitir, bloquear o eliminar las cookies instaladas en su equipo mediante la configuraci\u00f3n de las opciones del navegador instalado en su dispositivo. Tenga en cuenta que al desactivar las cookies, algunos servicios disponibles podr\u00edan dejar de estar operativos.<\/p>\n<p data-start=\"2046\" data-end=\"2163\">Para m\u00e1s informaci\u00f3n sobre c\u00f3mo ajustar la configuraci\u00f3n de cookies en su navegador, consulte los siguientes enlaces:<\/p>\n<ul data-start=\"2165\" data-end=\"2546\">\n<li data-start=\"2165\" data-end=\"2236\"><a target=\"_new\" rel=\"noopener\" data-start=\"2167\" data-end=\"2236\">Google Chrome<\/a><\/li>\n<li data-start=\"2237\" data-end=\"2357\"><a href=\"https:\/\/support.mozilla.org\/es\/kb\/habilitar-y-deshabilitar-cookies-sitios-web-rastrear-preferencias\" target=\"_new\" rel=\"noopener\" data-start=\"2239\" data-end=\"2357\">Mozilla Firefox<\/a><\/li>\n<li data-start=\"2358\" data-end=\"2475\"><a href=\"https:\/\/support.microsoft.com\/es-es\/help\/17442\/windows-internet-explorer-delete-manage-cookies\" target=\"_new\" rel=\"noopener\" data-start=\"2360\" data-end=\"2475\">Internet Explorer<\/a><\/li>\n<li data-start=\"2476\" data-end=\"2546\"><a href=\"https:\/\/support.apple.com\/es-es\/guide\/safari\/sfri11471\/mac\" target=\"_new\" rel=\"noopener\" data-start=\"2478\" data-end=\"2546\">Safari<\/a><\/li>\n<\/ul>\n<p data-start=\"2548\" data-end=\"2593\"><strong data-start=\"2548\" data-end=\"2593\">Actualizaciones de la pol\u00edtica de cookies<\/strong><\/p>\n<p data-start=\"2595\" data-end=\"2904\">Nos reservamos el derecho de modificar esta pol\u00edtica de cookies en funci\u00f3n de exigencias legislativas o reglamentarias, o con la finalidad de adaptar dicha pol\u00edtica a las instrucciones dictadas por la Agencia Espa\u00f1ola de Protecci\u00f3n de Datos. Por ello, se aconseja a los usuarios que la visiten peri\u00f3dicamente.<\/p>\n<p data-start=\"2906\" data-end=\"3067\">Para obtener m\u00e1s informaci\u00f3n sobre c\u00f3mo protegemos su privacidad, visite nuestra <a target=\"_new\" rel=\"noopener\" data-start=\"2987\" data-end=\"3066\">Pol\u00edtica de Privacidad<\/a>.<\/p>\n<p data-start=\"3069\" data-end=\"3275\">Recuerde que es fundamental adaptar esta plantilla a las particularidades de su sitio web, incluyendo detalles espec\u00edficos sobre las cookies que utiliza y asegurando el cumplimiento de la normativa vigente.<\/p>\n<p data-start=\"3277\" data-end=\"3434\">Para m\u00e1s recursos y herramientas relacionadas con la gesti\u00f3n de cookies y cumplimiento normativo, puede visitar <a href=\"https:\/\/gptonline.ai\/es\/\" target=\"_new\" rel=\"noopener\" data-start=\"3389\" data-end=\"3433\">gptonline.ai\/es\/<\/a>.<\/p>\t\t\t\t\t\t\t\t<\/div>\n\t\t\t\t\t<\/div>\n\t\t\t\t<\/div>\n\t\t\t\t<\/div>\n\t\t","protected":false},"excerpt":{"rendered":"<p>En https:\/\/qualityinterpreters.com\/ utilizamos cookies para mejorar la experiencia de navegaci\u00f3n de nuestros usuarios y analizar el uso de nuestro sitio [&hellip;]<\/p>\n","protected":false},"author":1,"featured_media":0,"parent":0,"menu_order":0,"comment_status":"closed","ping_status":"closed","template":"","meta":{"site-sidebar-layout":"no-sidebar","site-content-layout":"","ast-site-content-layout":"full-width-container","site-content-style":"default","site-sidebar-style":"default","ast-global-header-display":"","ast-banner-title-visibility":"","ast-main-header-display":"","ast-hfb-above-header-display":"","ast-hfb-below-header-display":"","ast-hfb-mobile-header-display":"","site-post-title":"disabled","ast-breadcrumbs-content":"","ast-featured-img":"disabled","footer-sml-layout":"","ast-disable-related-posts":"","theme-transparent-header-meta":"","adv-header-id-meta":"","stick-header-meta":"","header-above-stick-meta":"","header-main-stick-meta":"","header-below-stick-meta":"","astra-migrate-meta-layouts":"default","ast-page-background-enabled":"default","ast-page-background-meta":{"desktop":{"background-color":"var(--ast-global-color-5)","background-image":"","background-repeat":"repeat","background-position":"center center","background-size":"auto","background-attachment":"scroll","background-type":"","background-media":"","overlay-type":"","overlay-color":"","overlay-opacity":"","overlay-gradient":""},"tablet":{"background-color":"","background-image":"","background-repeat":"repeat","background-position":"center center","background-size":"auto","background-attachment":"scroll","background-type":"","background-media":"","overlay-type":"","overlay-color":"","overlay-opacity":"","overlay-gradient":""},"mobile":{"background-color":"","background-image":"","background-repeat":"repeat","background-position":"center center","background-size":"auto","background-attachment":"scroll","background-type":"","background-media":"","overlay-type":"","overlay-color":"","overlay-opacity":"","overlay-gradient":""}},"ast-content-background-meta":{"desktop":{"background-color":"var(--ast-global-color-4)","background-image":"","background-repeat":"repeat","background-position":"center center","background-size":"auto","background-attachment":"scroll","background-type":"","background-media":"","overlay-type":"","overlay-color":"","overlay-opacity":"","overlay-gradient":""},"tablet":{"background-color":"var(--ast-global-color-4)","background-image":"","background-repeat":"repeat","background-position":"center center","background-size":"auto","background-attachment":"scroll","background-type":"","background-media":"","overlay-type":"","overlay-color":"","overlay-opacity":"","overlay-gradient":""},"mobile":{"background-color":"var(--ast-global-color-4)","background-image":"","background-repeat":"repeat","background-position":"center center","background-size":"auto","background-attachment":"scroll","background-type":"","background-media":"","overlay-type":"","overlay-color":"","overlay-opacity":"","overlay-gradient":""}},"footnotes":""},"class_list":["post-1455","page","type-page","status-publish","hentry"],"_links":{"self":[{"href":"https:\/\/qualityinterpreters.com\/en\/wp-json\/wp\/v2\/pages\/1455","targetHints":{"allow":["GET"]}}],"collection":[{"href":"https:\/\/qualityinterpreters.com\/en\/wp-json\/wp\/v2\/pages"}],"about":[{"href":"https:\/\/qualityinterpreters.com\/en\/wp-json\/wp\/v2\/types\/page"}],"author":[{"embeddable":true,"href":"https:\/\/qualityinterpreters.com\/en\/wp-json\/wp\/v2\/users\/1"}],"replies":[{"embeddable":true,"href":"https:\/\/qualityinterpreters.com\/en\/wp-json\/wp\/v2\/comments?post=1455"}],"version-history":[{"count":3,"href":"https:\/\/qualityinterpreters.com\/en\/wp-json\/wp\/v2\/pages\/1455\/revisions"}],"predecessor-version":[{"id":1602,"href":"https:\/\/qualityinterpreters.com\/en\/wp-json\/wp\/v2\/pages\/1455\/revisions\/1602"}],"wp:attachment":[{"href":"https:\/\/qualityinterpreters.com\/en\/wp-json\/wp\/v2\/media?parent=1455"}],"curies":[{"name":"wp","href":"https:\/\/api.w.org\/{rel}","templated":true}]}}