{"id":1462,"date":"2025-02-03T11:42:32","date_gmt":"2025-02-03T10:42:32","guid":{"rendered":"https:\/\/qualityinterpreters.com\/politica-privacidad\/"},"modified":"2025-09-05T11:19:18","modified_gmt":"2025-09-05T09:19:18","slug":"privacy-policy","status":"publish","type":"page","link":"https:\/\/qualityinterpreters.com\/en\/privacy-policy\/","title":{"rendered":"Privacy Policy"},"content":{"rendered":"\t\t<div data-elementor-type=\"wp-page\" data-elementor-id=\"1462\" class=\"elementor elementor-1462 elementor-3\" data-elementor-post-type=\"page\">\n\t\t\t\t<div class=\"elementor-element elementor-element-2ecdb3c8 e-flex e-con-boxed e-con e-parent\" data-id=\"2ecdb3c8\" data-element_type=\"container\" data-e-type=\"container\">\n\t\t\t\t\t<div class=\"e-con-inner\">\n\t\t\t\t<div class=\"elementor-element elementor-element-26470e3 elementor-widget elementor-widget-heading\" data-id=\"26470e3\" data-element_type=\"widget\" data-e-type=\"widget\" data-widget_type=\"heading.default\">\n\t\t\t\t\t<h1 class=\"elementor-heading-title elementor-size-default\">Privacy Policy<\/h1>\t\t\t\t<\/div>\n\t\t\t\t<div class=\"elementor-element elementor-element-39a6aeb3 elementor-widget elementor-widget-text-editor\" data-id=\"39a6aeb3\" data-element_type=\"widget\" data-e-type=\"widget\" data-widget_type=\"text-editor.default\">\n\t\t\t\t\t\t\t\t\t<p class=\"p1\"><span style=\"font-style: inherit; font-weight: inherit; color: var( --e-global-color-accent ); text-align: var(--text-align);\">La presente Pol\u00edtica de Privacidad, tiene por objeto informar a los usuarios del sitio web de Quality Interpreters, S.L., alojado en la presente web, acerca de la pol\u00edtica seguida por la entidad en su condici\u00f3n de Responsable del Fichero sobre el uso y tratamiento dado a los datos de car\u00e1cter personal recabados, as\u00ed como de los derechos que les asisten a los usuarios, para que, de esta manera, determinen libre y voluntariamente si desean facilitar a Quality Interpreters, S.L. aquellos datos personales que se les puedan requerir o que se puedan obtener de ellos con ocasi\u00f3n del uso y suscripci\u00f3n de algunos de los servicios ofrecidos en este sitio web, con inclusi\u00f3n de aquellos que puedan recabarse telef\u00f3nicamente a trav\u00e9s de llamadas realizadas a los tel\u00e9fonos de contacto facilitados en el portal.<\/span><\/p>\n<p>Quality Interpreters, S.L. garantiza el cumplimiento de lo establecido en la Ley Org\u00e1nica 15\/1999 de 13 de diciembre, de Protecci\u00f3n de Datos de Car\u00e1cter Personal, en el Real Decreto 1720\/2007 de Medidas de Seguridad y dem\u00e1s legislaci\u00f3n aplicable, e informa que la informaci\u00f3n personal recabada por los distintos mecanismos, es almacenada en ficheros propiedad de Quality Interpreters, S.L. debidamente registrados en el RGPD, la cual asume las medidas de \u00edndole t\u00e9cnica, organizativa y de seguridad que garanticen la confidencialidad e integridad de la informaci\u00f3n. Por el mero hecho de acceder a este Sitio y usarlo implica la aceptaci\u00f3n por parte del usuario de las condiciones de la presente Pol\u00edtica de Privacidad. Asimismo, Quality Interpreters, S.L. se reserva el derecho a modificar la misma para adaptarla a las posibles novedades legislativas o jurisprudenciales que puedan acontecer, nuevos servicios que tengan implicaciones en materia de protecci\u00f3n de datos y as\u00ed como a pr\u00e1cticas de la industria de Internet. <\/p>\n<p><b>Recogida activa de datos.<\/b><br>La p\u00e1gina web de Quality Interpreters, S.L. est\u00e1 dise\u00f1ada de tal manera que cualquiera puede visitarla sin necesidad de dar sus datos al menos que el mismo visitante as\u00ed lo desee. Los datos personales proporcionados por los usuarios ser\u00e1n incluidos en un fichero\/s debidamente inscrito\/s en el RGPD, titularidad de Quality Interpreters, S.L. <\/p>\n<p>Quality Interpreters, S.L., puede proceder a la recogida de datos de car\u00e1cter personal por medio de formularios web, direcciones de correo electr\u00f3nico y n\u00fameros de tel\u00e9fono de contacto. Los campos del formulario con asterisco (*) son obligatorios y su falta de respuesta supondr\u00e1 la imposibilidad de llevar a cabo su petici\u00f3n. Quality Interpreters, S.L. permite a los usuarios corregir o modificar la informaci\u00f3n suministrada o informar sobre problemas con la p\u00e1gina web. Rogamos nos comunique cualquier variaci\u00f3n que pueda darse en los datos facilitados. <\/p>\n<p>Sus datos se tratar\u00e1n con la finalidad de atender y gestionar sus solicitudes, responder consultas, permitir el acceso a \u00e1reas espec\u00edficas de la p\u00e1gina, as\u00ed como, salvo que se halla opuesto a ello, para el env\u00edo, con fines comerciales, de informaci\u00f3n y publicidad de nuestros productos, o de terceros de los sectores financieros. Al facilitarnos su direcci\u00f3n de correo electr\u00f3nico, usted consiente expresamente el env\u00edo de comunicaciones comerciales, a menos que se oponga. Se le podr\u00e1 enviar por medios tradicionales y\/o electr\u00f3nicos, informaci\u00f3n comercial y publicitaria acerca de nuestros productos y servicios, salvo que expresamente se haya opuesto a ello, o lo comunique en la direcci\u00f3n de correo electr\u00f3nico niceinfo@qualityinterpreters.com , o mediante comunicaci\u00f3n escrita dirigida al domicilio de la entidad sito en la G.V. Fernando el Cat\u00f3lico, 8-2, 46008 Valencia (Espa\u00f1a). <\/p>\n<p><b>Recogida pasiva de datos.<\/b> <br>Quality Interpreters, S.L. puede supervisar el tr\u00e1fico de las visitas de los usuarios para conocer qu\u00e9 cantidad y \u00e1reas de la p\u00e1gina web son m\u00e1s solicitadas. Esta supervisi\u00f3n se realiza a trav\u00e9s del nombre del dominio del usuario, el tipo de navegador, la fecha y hora de acceso, p\u00e1ginas visitadas, etc. <\/p>\n<p>Quality Interpreters, S.L. puede utiliza las \u201ccookies\u201d para facilitar su servicio personalizado en la p\u00e1gina web. Las \u201ccookies\u201d son peque\u00f1os archivos de texto enviados y almacenados en los ordenadores de los usuarios que permiten a la p\u00e1gina web como la presente, reconocer los usuarios repetidos, facilitar acceso a los usuarios a la p\u00e1gina y permitir a la p\u00e1gina recopilar informaci\u00f3n que pueda mejorar el contenido. Las \u201ccookies\u201d no da\u00f1an los ordenadores de los usuarios o sus archivos. Podemos utilizar las \u201ccookies\u201d para ofrecerle informaci\u00f3n y servicios dirigidos a sus intereses y necesidades. Si los usuarios no quieren que las \u201ccookies\u201d sean accesibles a Quality Interpreters, S.L., la mayor\u00eda de los navegadores permiten a los usuarios denegar o impedir el uso de \u201ccookies\u201d. Tenga en cuenta, sin embargo, que las \u201ccookies\u201d podr\u00edan ser necesarias para operar apropiadamente para ciertas funciones de la p\u00e1gina. <\/p>\n<p>Quality Interpreters, S.L. tiene plenamente conciencia del uso y tratamiento que se deben dar a los datos personales recabados. As\u00ed mismo, reconoce y garantiza el sometimiento a toda la normativa legal existente en la materia y se compromete al cumplimiento de su obligaci\u00f3n de secreto de los datos de car\u00e1cter personal y de su deber de guardarlos, garantizando la adopci\u00f3n de todas las medidas de protecci\u00f3n y seguridad necesarias a su alcance, para evitar su alteraci\u00f3n, p\u00e9rdida, mal uso, acceso no autorizado o robo, seg\u00fan la normativa (Real Decreto 1720\/2007). <\/p>\n<p>El usuario queda informado y da su consentimiento expreso para el tratamiento de los datos personales en funci\u00f3n del uso y finalidad anteriormente establecida. El usuario garantiza que los datos personales facilitados a Quality Interpreters, S.L. son veraces y se hace responsable de comunicar a \u00e9sta cualquier modificaci\u00f3n en los mismos. Quality Interpreters, S.L. no responder\u00e1 de la veracidad de los datos personales suministrados siendo el propio usuario su \u00fanico responsable. <\/p>\n<p>No obstante, el usuario, debe ser consciente de que las medidas de seguridad en Internet no son inexpugnables. Quality Interpreters, S.L. responder\u00e1 \u00fanicamente por el nivel de seguridad de sus propios sistemas, desconociendo en todo momento la situaci\u00f3n en la que se puedan encontrar en la actualidad o en el futuro, los diferentes usuarios o terceras personas. <\/p>\n<p>Los usuarios tienen reconocidos y podr\u00e1n ejercitar los derechos de acceso, rectificaci\u00f3n, cancelaci\u00f3n y oposici\u00f3n, todo ello de conformidad con lo establecido en la Ley Org\u00e1nica 15\/1999 de 13 de Diciembre de Protecci\u00f3n de Datos de Car\u00e1cter Personal. Los usuarios podr\u00e1n hacer efectivos estos derechos contactando con Quality Interpreters, S.L. a trav\u00e9s del correo electr\u00f3nico niceinfo@qualityinterpreters.com , o mediante comunicaci\u00f3n escrita dirigida al domicilio de la entidad sito en la G.V. Fernando el Cat\u00f3lico, 8-2, 46008 Valencia (Espa\u00f1a).<\/p>\n<p>Ponemos en su conocimiento, que los medios electr\u00f3nicos de comunicaci\u00f3n, como son el correo electr\u00f3nico e Internet, no garantizan la confidencialidad ni integridad de la informaci\u00f3n transmitida. Por ello, el emisor de este mensaje no se hace responsable de la correcta recepci\u00f3n del mismo. De conformidad con la Ley Org\u00e1nica 15\/1999, le informamos que los datos que nos ha facilitado y los que nos facilite en el futuro por cualquier medio ser\u00e1n incorporados a fichero\/s automatizado\/s de Quality Interpreters, S.L., con la finalidad de mantener relaciones con Vd. En todo momento podr\u00e1 ejercer sus derechos de acceso, rectificaci\u00f3n, cancelaci\u00f3n y oposici\u00f3n dirigiendo un escrito firmado, acompa\u00f1ado de fotocopia de su DNI, a la direcci\u00f3n de esta entidad sita en la G.V. Fernando el Cat\u00f3lico, 8-2, 46008 Valencia (Espa\u00f1a), o mediante correo electr\u00f3nico a la siguiente direcci\u00f3n: niceinfo@qualityinterpreters.com.<br>Este mensaje podr\u00eda contener informaci\u00f3n confidencial, privilegiada y sujeta al secreto profesional. Si usted no es el destinatario indicado en el mensaje, no realice copia del mismo ni lo env\u00ede a ninguna persona. Si ha recibido este mensaje por error, por favor contacte con el remitente y elimine el mensaje recibido de su ordenador. Las opiniones, conclusiones u otra informaci\u00f3n vertida en dichos correos electr\u00f3nicos no se consideran en ning\u00fan modo respaldadas por la empresa.<\/p>\t\t\t\t\t\t\t\t<\/div>\n\t\t\t\t\t<\/div>\n\t\t\t\t<\/div>\n\t\t\t\t<\/div>\n\t\t","protected":false},"excerpt":{"rendered":"<p>La presente Pol\u00edtica de Privacidad, tiene por objeto informar a los usuarios del sitio web de Quality Interpreters, S.L., alojado [&hellip;]<\/p>\n","protected":false},"author":1,"featured_media":0,"parent":0,"menu_order":0,"comment_status":"closed","ping_status":"open","template":"","meta":{"site-sidebar-layout":"default","site-content-layout":"","ast-site-content-layout":"default","site-content-style":"default","site-sidebar-style":"default","ast-global-header-display":"","ast-banner-title-visibility":"","ast-main-header-display":"","ast-hfb-above-header-display":"","ast-hfb-below-header-display":"","ast-hfb-mobile-header-display":"","site-post-title":"","ast-breadcrumbs-content":"","ast-featured-img":"","footer-sml-layout":"","ast-disable-related-posts":"","theme-transparent-header-meta":"","adv-header-id-meta":"","stick-header-meta":"","header-above-stick-meta":"","header-main-stick-meta":"","header-below-stick-meta":"","astra-migrate-meta-layouts":"default","ast-page-background-enabled":"default","ast-page-background-meta":{"desktop":{"background-color":"var(--ast-global-color-5)","background-image":"","background-repeat":"repeat","background-position":"center center","background-size":"auto","background-attachment":"scroll","background-type":"","background-media":"","overlay-type":"","overlay-color":"","overlay-opacity":"","overlay-gradient":""},"tablet":{"background-color":"","background-image":"","background-repeat":"repeat","background-position":"center center","background-size":"auto","background-attachment":"scroll","background-type":"","background-media":"","overlay-type":"","overlay-color":"","overlay-opacity":"","overlay-gradient":""},"mobile":{"background-color":"","background-image":"","background-repeat":"repeat","background-position":"center center","background-size":"auto","background-attachment":"scroll","background-type":"","background-media":"","overlay-type":"","overlay-color":"","overlay-opacity":"","overlay-gradient":""}},"ast-content-background-meta":{"desktop":{"background-color":"var(--ast-global-color-4)","background-image":"","background-repeat":"repeat","background-position":"center center","background-size":"auto","background-attachment":"scroll","background-type":"","background-media":"","overlay-type":"","overlay-color":"","overlay-opacity":"","overlay-gradient":""},"tablet":{"background-color":"var(--ast-global-color-4)","background-image":"","background-repeat":"repeat","background-position":"center center","background-size":"auto","background-attachment":"scroll","background-type":"","background-media":"","overlay-type":"","overlay-color":"","overlay-opacity":"","overlay-gradient":""},"mobile":{"background-color":"var(--ast-global-color-4)","background-image":"","background-repeat":"repeat","background-position":"center center","background-size":"auto","background-attachment":"scroll","background-type":"","background-media":"","overlay-type":"","overlay-color":"","overlay-opacity":"","overlay-gradient":""}},"footnotes":""},"class_list":["post-1462","page","type-page","status-publish","hentry"],"_links":{"self":[{"href":"https:\/\/qualityinterpreters.com\/en\/wp-json\/wp\/v2\/pages\/1462","targetHints":{"allow":["GET"]}}],"collection":[{"href":"https:\/\/qualityinterpreters.com\/en\/wp-json\/wp\/v2\/pages"}],"about":[{"href":"https:\/\/qualityinterpreters.com\/en\/wp-json\/wp\/v2\/types\/page"}],"author":[{"embeddable":true,"href":"https:\/\/qualityinterpreters.com\/en\/wp-json\/wp\/v2\/users\/1"}],"replies":[{"embeddable":true,"href":"https:\/\/qualityinterpreters.com\/en\/wp-json\/wp\/v2\/comments?post=1462"}],"version-history":[{"count":3,"href":"https:\/\/qualityinterpreters.com\/en\/wp-json\/wp\/v2\/pages\/1462\/revisions"}],"predecessor-version":[{"id":1609,"href":"https:\/\/qualityinterpreters.com\/en\/wp-json\/wp\/v2\/pages\/1462\/revisions\/1609"}],"wp:attachment":[{"href":"https:\/\/qualityinterpreters.com\/en\/wp-json\/wp\/v2\/media?parent=1462"}],"curies":[{"name":"wp","href":"https:\/\/api.w.org\/{rel}","templated":true}]}}